{"id":75,"date":"2017-02-14T13:38:13","date_gmt":"2017-02-14T12:38:13","guid":{"rendered":"http:\/\/www.franzschuler.com\/html\/dev\/wordpress\/?page_id=75"},"modified":"2018-06-29T22:38:07","modified_gmt":"2018-06-29T20:38:07","slug":"ueber-mich","status":"publish","type":"page","link":"https:\/\/www.franzschuler.com\/index.php\/ueber-mich\/","title":{"rendered":"\u00dcber mich"},"content":{"rendered":"<p>\t\t\t\t<img loading=\"lazy\" decoding=\"async\" src=\"http:\/\/www.franzschuler.com\/wp-content\/uploads\/2017\/07\/IMG_5886.jpg\" alt=\"IMG_5886\" itemprop=\"image\" height=\"960\" width=\"1280\"  \/><\/p>\n<p><strong>Ich m\u00f6chte mich kurz Vorstellen:<\/strong><\/p>\n<p>Franz Karl Schuler, geboren 1954 in Rothenturm. Ich habe zwei Kinder, Selina und Livia. Ich bin ein Hobby Sportler, Jogger, Biker, meine Leidenschaft sind die Berge. Seit dem 1. Juni 2016 geniesse ich meine Fr\u00fchpension. Fr\u00fcher arbeitete ich im Aussendienst bei der Firma Festo AG und betreute Firmen in der Region Ost Schweiz als Sales Engineer. Im Herbst 2002 ging ein Traum in Erf\u00fcllung.<br \/>\nDas Eidgen\u00f6ssische Diplom f\u00fcr Bergf\u00fchrer.<br \/>\nEin junger &#8211; alter Fuchs in den Bergen.<\/p>\n<p><strong>Liebe Bergfreundinnen, Bergfreunde und G\u00e4ste<\/strong><\/p>\n<p>Ich habe Freude an der Bergwelt und will sie attraktiv mit euch erleben. Gut vorbereitet und mit dem n\u00f6tigen Respekt, geniessen wir die Natur in der sch\u00f6nen Bergwelt. Bei mir steht der Gast und das Erlebnis im Mittelpunkt.<br \/>\nIch freue mich auf ein Gipfelgl\u00fcck mit euch.<br \/>\nHerzliche Gr\u00fcsse und besten Dank<br \/>\n<strong>Franz Karl Schuler<\/strong><\/p>\n","protected":false},"excerpt":{"rendered":"<p>Ich m\u00f6chte mich kurz Vorstellen: Franz Karl Schuler, geboren 1954 in Rothenturm. Ich habe zwei Kinder, Selina und Livia. Ich bin ein Hobby Sportler, Jogger, Biker, meine Leidenschaft sind die Berge. Seit dem 1. Juni <a class=\"more-link\" href=\"https:\/\/www.franzschuler.com\/index.php\/ueber-mich\/\">weiterlesen&#8230;<\/a><\/p>\n","protected":false},"author":1,"featured_media":0,"parent":0,"menu_order":0,"comment_status":"closed","ping_status":"closed","template":"","meta":{"footnotes":""},"class_list":["post-75","page","type-page","status-publish","hentry"],"_links":{"self":[{"href":"https:\/\/www.franzschuler.com\/index.php\/wp-json\/wp\/v2\/pages\/75","targetHints":{"allow":["GET"]}}],"collection":[{"href":"https:\/\/www.franzschuler.com\/index.php\/wp-json\/wp\/v2\/pages"}],"about":[{"href":"https:\/\/www.franzschuler.com\/index.php\/wp-json\/wp\/v2\/types\/page"}],"author":[{"embeddable":true,"href":"https:\/\/www.franzschuler.com\/index.php\/wp-json\/wp\/v2\/users\/1"}],"replies":[{"embeddable":true,"href":"https:\/\/www.franzschuler.com\/index.php\/wp-json\/wp\/v2\/comments?post=75"}],"version-history":[{"count":33,"href":"https:\/\/www.franzschuler.com\/index.php\/wp-json\/wp\/v2\/pages\/75\/revisions"}],"predecessor-version":[{"id":1324,"href":"https:\/\/www.franzschuler.com\/index.php\/wp-json\/wp\/v2\/pages\/75\/revisions\/1324"}],"wp:attachment":[{"href":"https:\/\/www.franzschuler.com\/index.php\/wp-json\/wp\/v2\/media?parent=75"}],"curies":[{"name":"wp","href":"https:\/\/api.w.org\/{rel}","templated":true}]}}